{"id":49,"date":"2025-12-01T13:25:51","date_gmt":"2025-12-01T13:25:51","guid":{"rendered":"https:\/\/dengladefrisor.dk\/?page_id=49"},"modified":"2025-12-03T13:19:41","modified_gmt":"2025-12-03T13:19:41","slug":"elementor-49","status":"publish","type":"page","link":"https:\/\/dengladefrisor.dk\/","title":{"rendered":"Forside"},"content":{"rendered":"\t\t<div data-elementor-type=\"wp-page\" data-elementor-id=\"49\" class=\"elementor elementor-49\">\n\t\t\t\t<div class=\"elementor-element elementor-element-ce1870d e-flex e-con-boxed e-con e-parent\" data-id=\"ce1870d\" data-element_type=\"container\">\n\t\t\t\t\t<div class=\"e-con-inner\">\n\t\t<div class=\"elementor-element elementor-element-69d9821 e-con-full e-flex e-con e-child\" data-id=\"69d9821\" data-element_type=\"container\">\n\t\t\t\t<div class=\"elementor-element elementor-element-a24e60d elementor-widget elementor-widget-image\" data-id=\"a24e60d\" data-element_type=\"widget\" data-widget_type=\"image.default\">\n\t\t\t\t\t\t\t\t\t\t\t\t\t\t\t<img fetchpriority=\"high\" decoding=\"async\" width=\"782\" height=\"1024\" src=\"https:\/\/dengladefrisor.dk\/wp-content\/uploads\/2025\/12\/Martine-VG-1-782x1024.png\" class=\"attachment-large size-large wp-image-33\" alt=\"\" srcset=\"https:\/\/dengladefrisor.dk\/wp-content\/uploads\/2025\/12\/Martine-VG-1-782x1024.png 782w, https:\/\/dengladefrisor.dk\/wp-content\/uploads\/2025\/12\/Martine-VG-1-229x300.png 229w, https:\/\/dengladefrisor.dk\/wp-content\/uploads\/2025\/12\/Martine-VG-1-768x1005.png 768w, https:\/\/dengladefrisor.dk\/wp-content\/uploads\/2025\/12\/Martine-VG-1-1174x1536.png 1174w, https:\/\/dengladefrisor.dk\/wp-content\/uploads\/2025\/12\/Martine-VG-1-1565x2048.png 1565w, https:\/\/dengladefrisor.dk\/wp-content\/uploads\/2025\/12\/Martine-VG-1.png 1610w\" sizes=\"(max-width: 782px) 100vw, 782px\" \/>\t\t\t\t\t\t\t\t\t\t\t\t\t\t\t<\/div>\n\t\t\t\t<\/div>\n\t\t<div class=\"elementor-element elementor-element-ed480bd e-con-full e-flex e-con e-child\" data-id=\"ed480bd\" data-element_type=\"container\">\n\t\t\t\t<div class=\"elementor-element elementor-element-9d315ba elementor-widget elementor-widget-heading\" data-id=\"9d315ba\" data-element_type=\"widget\" data-widget_type=\"heading.default\">\n\t\t\t\t\t<h2 class=\"elementor-heading-title elementor-size-default\">Den Galde Fris\u00f8r<\/h2>\t\t\t\t<\/div>\n\t\t\t\t<div class=\"elementor-element elementor-element-a879ced elementor-widget elementor-widget-text-editor\" data-id=\"a879ced\" data-element_type=\"widget\" data-widget_type=\"text-editor.default\">\n\t\t\t\t\t\t\t\t\t<p>Ny frisure? Med gl\u00e6de.<\/p>\t\t\t\t\t\t\t\t<\/div>\n\t\t\t\t<\/div>\n\t\t\t\t\t<\/div>\n\t\t\t\t<\/div>\n\t\t<div class=\"elementor-element elementor-element-a589625 e-flex e-con-boxed e-con e-parent\" data-id=\"a589625\" data-element_type=\"container\">\n\t\t\t\t\t<div class=\"e-con-inner\">\n\t\t\t\t<div class=\"elementor-element elementor-element-b179856 elementor-widget__width-initial elementor-widget-mobile__width-inherit elementor-widget elementor-widget-text-editor\" data-id=\"b179856\" data-element_type=\"widget\" data-widget_type=\"text-editor.default\">\n\t\t\t\t\t\t\t\t\t<p>\u201c\u2026n\u00e5r du tager plads i stolen hos \u201cDen Glade Fris\u00f8r\u201d, f\u00e5r du ikke bare en flot frisure \u2014\u00a0du g\u00e5r ogs\u00e5 derfra med et smil p\u00e5 l\u00e6berne.\u201d<\/p>\t\t\t\t\t\t\t\t<\/div>\n\t\t\t\t\t<\/div>\n\t\t\t\t<\/div>\n\t\t<div class=\"elementor-element elementor-element-6400283 e-flex e-con-boxed e-con e-parent\" data-id=\"6400283\" data-element_type=\"container\">\n\t\t\t\t\t<div class=\"e-con-inner\">\n\t\t\t\t<div class=\"elementor-element elementor-element-0134f9f elementor-widget elementor-widget-heading\" data-id=\"0134f9f\" data-element_type=\"widget\" data-widget_type=\"heading.default\">\n\t\t\t\t\t<h2 class=\"elementor-heading-title elementor-size-default\">Behandlinger<\/h2>\t\t\t\t<\/div>\n\t\t\t\t<div class=\"elementor-element elementor-element-aa7e954 elementor-widget elementor-widget-text-editor\" data-id=\"aa7e954\" data-element_type=\"widget\" data-widget_type=\"text-editor.default\">\n\t\t\t\t\t\t\t\t\t<p>Jeg kommer ud til dig og klipper<\/p>\t\t\t\t\t\t\t\t<\/div>\n\t\t\t\t\t<\/div>\n\t\t\t\t<\/div>\n\t\t<div class=\"elementor-element elementor-element-35f4ac7 e-flex e-con-boxed e-con e-parent\" data-id=\"35f4ac7\" data-element_type=\"container\">\n\t\t\t\t\t<div class=\"e-con-inner\">\n\t\t<div class=\"elementor-element elementor-element-3e990fb e-con-full e-flex e-con e-child\" data-id=\"3e990fb\" data-element_type=\"container\">\n\t\t\t\t<div class=\"elementor-element elementor-element-443093c elementor-view-default elementor-widget elementor-widget-icon\" data-id=\"443093c\" data-element_type=\"widget\" data-widget_type=\"icon.default\">\n\t\t\t\t\t\t\t<div class=\"elementor-icon-wrapper\">\n\t\t\t<div class=\"elementor-icon\">\n\t\t\t<svg aria-hidden=\"true\" class=\"e-font-icon-svg e-fas-cut\" viewBox=\"0 0 448 512\" xmlns=\"http:\/\/www.w3.org\/2000\/svg\"><path d=\"M278.06 256L444.48 89.57c4.69-4.69 4.69-12.29 0-16.97-32.8-32.8-85.99-32.8-118.79 0L210.18 188.12l-24.86-24.86c4.31-10.92 6.68-22.81 6.68-35.26 0-53.02-42.98-96-96-96S0 74.98 0 128s42.98 96 96 96c4.54 0 8.99-.32 13.36-.93L142.29 256l-32.93 32.93c-4.37-.61-8.83-.93-13.36-.93-53.02 0-96 42.98-96 96s42.98 96 96 96 96-42.98 96-96c0-12.45-2.37-24.34-6.68-35.26l24.86-24.86L325.69 439.4c32.8 32.8 85.99 32.8 118.79 0 4.69-4.68 4.69-12.28 0-16.97L278.06 256zM96 160c-17.64 0-32-14.36-32-32s14.36-32 32-32 32 14.36 32 32-14.36 32-32 32zm0 256c-17.64 0-32-14.36-32-32s14.36-32 32-32 32 14.36 32 32-14.36 32-32 32z\"><\/path><\/svg>\t\t\t<\/div>\n\t\t<\/div>\n\t\t\t\t\t\t<\/div>\n\t\t\t\t<div class=\"elementor-element elementor-element-cbcb991 elementor-widget elementor-widget-heading\" data-id=\"cbcb991\" data-element_type=\"widget\" data-widget_type=\"heading.default\">\n\t\t\t\t\t<h2 class=\"elementor-heading-title elementor-size-default\"><span style=\"white-space: normal;margin: 0px 0px 20px;padding: 0px;border: 0px;line-height: 1.4;vertical-align: baseline;font-size: 20px\"><span style=\"margin: 0px;padding: 0px;border: 0px;line-height: inherit;vertical-align: baseline;font-family: inherit;font-style: inherit;font-weight: inherit\">Dame- og herreklip<\/span><\/span><\/h2>\t\t\t\t<\/div>\n\t\t\t\t<div class=\"elementor-element elementor-element-077aecd elementor-widget elementor-widget-text-editor\" data-id=\"077aecd\" data-element_type=\"widget\" data-widget_type=\"text-editor.default\">\n\t\t\t\t\t\t\t\t\t<p>Det er b\u00e5de drenge og piger, m\u00e6nd og kvinder som kan f\u00e5 en ny frisure.<\/p>\t\t\t\t\t\t\t\t<\/div>\n\t\t\t\t<\/div>\n\t\t<div class=\"elementor-element elementor-element-49d7cb8 e-con-full e-flex e-con e-child\" data-id=\"49d7cb8\" data-element_type=\"container\">\n\t\t\t\t<div class=\"elementor-element elementor-element-8940e16 elementor-view-default elementor-widget elementor-widget-icon\" data-id=\"8940e16\" data-element_type=\"widget\" data-widget_type=\"icon.default\">\n\t\t\t\t\t\t\t<div class=\"elementor-icon-wrapper\">\n\t\t\t<div class=\"elementor-icon\">\n\t\t\t<svg aria-hidden=\"true\" class=\"e-font-icon-svg e-fas-paint-brush\" viewBox=\"0 0 512 512\" xmlns=\"http:\/\/www.w3.org\/2000\/svg\"><path d=\"M167.02 309.34c-40.12 2.58-76.53 17.86-97.19 72.3-2.35 6.21-8 9.98-14.59 9.98-11.11 0-45.46-27.67-55.25-34.35C0 439.62 37.93 512 128 512c75.86 0 128-43.77 128-120.19 0-3.11-.65-6.08-.97-9.13l-88.01-73.34zM457.89 0c-15.16 0-29.37 6.71-40.21 16.45C213.27 199.05 192 203.34 192 257.09c0 13.7 3.25 26.76 8.73 38.7l63.82 53.18c7.21 1.8 14.64 3.03 22.39 3.03 62.11 0 98.11-45.47 211.16-256.46 7.38-14.35 13.9-29.85 13.9-45.99C512 20.64 486 0 457.89 0z\"><\/path><\/svg>\t\t\t<\/div>\n\t\t<\/div>\n\t\t\t\t\t\t<\/div>\n\t\t\t\t<div class=\"elementor-element elementor-element-0b5ebe7 elementor-widget elementor-widget-heading\" data-id=\"0b5ebe7\" data-element_type=\"widget\" data-widget_type=\"heading.default\">\n\t\t\t\t\t<h2 class=\"elementor-heading-title elementor-size-default\"><span style=\"white-space: normal;margin: 0px 0px 20px;padding: 0px;border: 0px;line-height: 1.4;vertical-align: baseline;font-size: 20px\"><span style=\"margin: 0px;padding: 0px;border: 0px;line-height: inherit;vertical-align: baseline;font-family: inherit;font-style: inherit;font-weight: inherit\">Bryn og vipper<\/span><\/span><\/h2>\t\t\t\t<\/div>\n\t\t\t\t<div class=\"elementor-element elementor-element-da9f7b8 elementor-widget elementor-widget-text-editor\" data-id=\"da9f7b8\" data-element_type=\"widget\" data-widget_type=\"text-editor.default\">\n\t\t\t\t\t\t\t\t\t<p>Hvis du skal piftes lidt ekstra op, tilbyder jeg ogs\u00e5 at farve og rette bryn og vipper.<\/p>\t\t\t\t\t\t\t\t<\/div>\n\t\t\t\t<\/div>\n\t\t<div class=\"elementor-element elementor-element-a99b972 e-con-full e-flex e-con e-child\" data-id=\"a99b972\" data-element_type=\"container\">\n\t\t\t\t<div class=\"elementor-element elementor-element-6486a14 elementor-view-default elementor-widget elementor-widget-icon\" data-id=\"6486a14\" data-element_type=\"widget\" data-widget_type=\"icon.default\">\n\t\t\t\t\t\t\t<div class=\"elementor-icon-wrapper\">\n\t\t\t<div class=\"elementor-icon\">\n\t\t\t<svg aria-hidden=\"true\" class=\"e-font-icon-svg e-fas-check\" viewBox=\"0 0 512 512\" xmlns=\"http:\/\/www.w3.org\/2000\/svg\"><path d=\"M173.898 439.404l-166.4-166.4c-9.997-9.997-9.997-26.206 0-36.204l36.203-36.204c9.997-9.998 26.207-9.998 36.204 0L192 312.69 432.095 72.596c9.997-9.997 26.207-9.997 36.204 0l36.203 36.204c9.997 9.997 9.997 26.206 0 36.204l-294.4 294.401c-9.998 9.997-26.207 9.997-36.204-.001z\"><\/path><\/svg>\t\t\t<\/div>\n\t\t<\/div>\n\t\t\t\t\t\t<\/div>\n\t\t\t\t<div class=\"elementor-element elementor-element-8be702d elementor-widget elementor-widget-heading\" data-id=\"8be702d\" data-element_type=\"widget\" data-widget_type=\"heading.default\">\n\t\t\t\t\t<h2 class=\"elementor-heading-title elementor-size-default\"><span style=\"white-space: normal;margin: 0px 0px 20px;padding: 0px;border: 0px;line-height: 1.4;vertical-align: baseline;font-size: 20px\"><span style=\"margin: 0px;padding: 0px;border: 0px;line-height: inherit;vertical-align: baseline;font-family: inherit;font-style: inherit;font-weight: inherit\">Alt er klaret<\/span><\/span><\/h2>\t\t\t\t<\/div>\n\t\t\t\t<div class=\"elementor-element elementor-element-119b1db elementor-widget elementor-widget-text-editor\" data-id=\"119b1db\" data-element_type=\"widget\" data-widget_type=\"text-editor.default\">\n\t\t\t\t\t\t\t\t\t<p>Jeg medbringer alle remider s\u00e5som saks, kappe, f\u00f8nt\u00f8rrer, produkter og en masse gl\u00e6de.<\/p>\t\t\t\t\t\t\t\t<\/div>\n\t\t\t\t<\/div>\n\t\t\t\t\t<\/div>\n\t\t\t\t<\/div>\n\t\t<div class=\"elementor-element elementor-element-8e386fa e-flex e-con-boxed e-con e-parent\" data-id=\"8e386fa\" data-element_type=\"container\" data-settings=\"{&quot;background_background&quot;:&quot;classic&quot;}\">\n\t\t\t\t\t<div class=\"e-con-inner\">\n\t\t<div class=\"elementor-element elementor-element-d4aafca e-con-full e-flex e-con e-child\" data-id=\"d4aafca\" data-element_type=\"container\">\n\t\t\t\t<div class=\"elementor-element elementor-element-3e3bed0 elementor-widget elementor-widget-heading\" data-id=\"3e3bed0\" data-element_type=\"widget\" data-widget_type=\"heading.default\">\n\t\t\t\t\t<h2 class=\"elementor-heading-title elementor-size-default\">Vil du h\u00f8re mere?<\/h2>\t\t\t\t<\/div>\n\t\t\t\t<div class=\"elementor-element elementor-element-b51ef8f elementor-widget elementor-widget-text-editor\" data-id=\"b51ef8f\" data-element_type=\"widget\" data-widget_type=\"text-editor.default\">\n\t\t\t\t\t\t\t\t\t<p>Kontakt mig<\/p>\t\t\t\t\t\t\t\t<\/div>\n\t\t\t\t<\/div>\n\t\t<div class=\"elementor-element elementor-element-e877045 e-con-full e-flex e-con e-child\" data-id=\"e877045\" data-element_type=\"container\">\n\t\t\t\t<div class=\"elementor-element elementor-element-c564240 elementor-widget elementor-widget-text-editor\" data-id=\"c564240\" data-element_type=\"widget\" data-widget_type=\"text-editor.default\">\n\t\t\t\t\t\t\t\t\t<p><strong>Telefon<\/strong>: +45 93 96 35 35<br \/><strong>E-mail<\/strong>: info@dengladefrisor.dk<\/p>\t\t\t\t\t\t\t\t<\/div>\n\t\t\t\t<\/div>\n\t\t\t\t\t<\/div>\n\t\t\t\t<\/div>\n\t\t\t\t<\/div>\n\t\t","protected":false},"excerpt":{"rendered":"<p>Den Galde Fris\u00f8r Ny frisure? Med gl\u00e6de. \u201c\u2026n\u00e5r du tager plads i stolen hos \u201cDen Glade Fris\u00f8r\u201d, f\u00e5r du ikke bare en flot frisure \u2014\u00a0du g\u00e5r ogs\u00e5 derfra med et smil p\u00e5 l\u00e6berne.\u201d Behandlinger Jeg kommer ud til dig og klipper Dame- og herreklip Det er b\u00e5de drenge og piger, m\u00e6nd og kvinder som kan&#8230;<\/p>\n","protected":false},"author":1,"featured_media":0,"parent":0,"menu_order":0,"comment_status":"closed","ping_status":"closed","template":"","meta":{"_kad_post_transparent":"","_kad_post_title":"hide","_kad_post_layout":"fullwidth","_kad_post_sidebar_id":"","_kad_post_content_style":"unboxed","_kad_post_vertical_padding":"hide","_kad_post_feature":"hide","_kad_post_feature_position":"","_kad_post_header":false,"_kad_post_footer":false,"_kad_post_classname":"","footnotes":""},"class_list":["post-49","page","type-page","status-publish","hentry"],"_links":{"self":[{"href":"https:\/\/dengladefrisor.dk\/index.php\/wp-json\/wp\/v2\/pages\/49","targetHints":{"allow":["GET"]}}],"collection":[{"href":"https:\/\/dengladefrisor.dk\/index.php\/wp-json\/wp\/v2\/pages"}],"about":[{"href":"https:\/\/dengladefrisor.dk\/index.php\/wp-json\/wp\/v2\/types\/page"}],"author":[{"embeddable":true,"href":"https:\/\/dengladefrisor.dk\/index.php\/wp-json\/wp\/v2\/users\/1"}],"replies":[{"embeddable":true,"href":"https:\/\/dengladefrisor.dk\/index.php\/wp-json\/wp\/v2\/comments?post=49"}],"version-history":[{"count":15,"href":"https:\/\/dengladefrisor.dk\/index.php\/wp-json\/wp\/v2\/pages\/49\/revisions"}],"predecessor-version":[{"id":83,"href":"https:\/\/dengladefrisor.dk\/index.php\/wp-json\/wp\/v2\/pages\/49\/revisions\/83"}],"wp:attachment":[{"href":"https:\/\/dengladefrisor.dk\/index.php\/wp-json\/wp\/v2\/media?parent=49"}],"curies":[{"name":"wp","href":"https:\/\/api.w.org\/{rel}","templated":true}]}}